{"id":9968,"date":"2024-06-14T15:47:21","date_gmt":"2024-06-14T13:47:21","guid":{"rendered":"https:\/\/edouard-vallaint-vierzon.ovh\/?page_id=9968"},"modified":"2024-10-07T03:27:45","modified_gmt":"2024-10-07T01:27:45","slug":"mdl","status":"publish","type":"page","link":"https:\/\/edouard-vallaint-vierzon.ovh\/?page_id=9968","title":{"rendered":"LA MAISON DES LYC\u00c9ENS (MDL)"},"content":{"rendered":"\t\t<div data-elementor-type=\"wp-page\" data-elementor-id=\"9968\" class=\"elementor elementor-9968\">\n\t\t\t\t\t\t<section class=\"elementor-section elementor-top-section elementor-element elementor-element-3101e97d elementor-section-boxed elementor-section-height-default elementor-section-height-default\" data-id=\"3101e97d\" data-element_type=\"section\" data-e-type=\"section\">\n\t\t\t\t\t\t<div class=\"elementor-container elementor-column-gap-default\">\n\t\t\t\t\t<div class=\"elementor-column elementor-col-100 elementor-top-column elementor-element elementor-element-1c50fd\" data-id=\"1c50fd\" data-element_type=\"column\" data-e-type=\"column\">\n\t\t\t<div class=\"elementor-widget-wrap elementor-element-populated\">\n\t\t\t\t\t\t<div class=\"elementor-element elementor-element-52ba0358 elementor-widget elementor-widget-text-editor\" data-id=\"52ba0358\" data-element_type=\"widget\" data-e-type=\"widget\" data-widget_type=\"text-editor.default\">\n\t\t\t\t<div class=\"elementor-widget-container\">\n\t\t\t\t\t\t\t\t\t<p><\/p>\n<p style=\"text-align: justify;\"><span style=\"color: #000000;\" data-darkreader-inline-color=\"\">le Bureau de la MDL est \u00e9lu chaque ann\u00e9e par les \u00e9l\u00e8ves adh\u00e9rents ayant cotis\u00e9 en d\u00e9but d&rsquo;ann\u00e9e<\/span><\/p>\n<p style=\"text-align: justify;\"><span style=\"color: #000000;\" data-darkreader-inline-color=\"\">La MDL propose diff\u00e9rentes actions :<\/span><\/p>\n<ul style=\"text-align: justify;\">\n<li><span style=\"color: #000000;\" data-darkreader-inline-color=\"\">vente de nourriture (Mars ,Twix,KitKat,Chips,&#8230;) et de boissons (Caf\u00e9,Soda,Th\u00e9,&#8230;.) ;<\/span><\/li>\n<li><span style=\"color: #000000;\" data-darkreader-inline-color=\"\">\u00e9v\u00e8nements (vente de roses pour la Saint valentin), SIdaction, ect, &#8230;) ;<\/span><\/li>\n<li><span style=\"color: #000000;\" data-darkreader-inline-color=\"\">espace d\u00e9tente et de jeux .<\/span><\/li>\n<\/ul>\n<div class=\"cm-entry-summary\">\n<h2 class=\"title\" style=\"text-align: justify;\"><span style=\"font-size: 18pt; color: #000000;\" data-darkreader-inline-color=\"\">Qui peut adh\u00e9rer \u00e0 cette association&nbsp;?<\/span><\/h2>\n<p style=\"text-align: justify;\"><span style=\"color: #000000;\" data-darkreader-inline-color=\"\"><strong>Tous les lyc\u00e9ens<\/strong>&nbsp;peuvent adh\u00e9rer \u00e0 cette association au sein de leur \u00e9tablissement, moyennant une cotisation de 5 \u20ac.<\/span><\/p>\n<h2 class=\"title\" style=\"text-align: justify;\"><span style=\"font-size: 18pt; color: #000000;\" data-darkreader-inline-color=\"\">Le fonctionnement de l\u2019association<\/span><\/h2>\n<p style=\"text-align: justify;\"><span style=\"color: #000000;\" data-darkreader-inline-color=\"\"><strong>L\u2019assembl\u00e9e g\u00e9n\u00e9rale<\/strong>&nbsp;de l\u2019association, compos\u00e9e de tous les \u00e9l\u00e8ves ayant cotis\u00e9, se r\u00e9unit au moins une fois par an. C\u2019est au cours d\u2019une assembl\u00e9e g\u00e9n\u00e9rale que sont \u00e9lus les membres du&nbsp;<strong>conseil d\u2019administration de la M.D.L<\/strong>, qui \u00e9lisent ensuite en leur sein les membres du&nbsp;<strong>bureau de l\u2019association (pr\u00e9sident, secr\u00e9taire, tr\u00e9sorier)<\/strong>.<\/span><br><span style=\"color: #000000;\" data-darkreader-inline-color=\"\">Le conseil d\u2019administration et le bureau sont compos\u00e9s&nbsp;<strong>uniquement de lyc\u00e9ens<\/strong>. D\u00e8s 16 ans, chaque \u00e9l\u00e8ve peut assurer des responsabilit\u00e9s de gestion de l\u2019association.<\/span><\/p>\n<h2 class=\"title\" style=\"text-align: justify;\"><span style=\"font-size: 18pt; color: #000000;\" data-darkreader-inline-color=\"\">Pour aller plus loin<\/span><\/h2>\n<p style=\"text-align: justify;\"><span style=\"color: #000000;\" data-darkreader-inline-color=\"\"><a class=\"chevron\" style=\"color: #000000;\" href=\"http:\/\/www.education.gouv.fr\/cid50474\/mene1002839c.html\" target=\"_blank\" rel=\"noopener\" data-darkreader-inline-color=\"\">Circulaire num\u00e9ro 2010-009 du 29 janvier 2010<\/a> (site du minist\u00e8re de l\u2019\u00c9ducation nationale).<\/span><\/p>\n<\/div>\n<p><\/p>\t\t\t\t\t\t\t\t<\/div>\n\t\t\t\t<\/div>\n\t\t\t\t\t<\/div>\n\t\t<\/div>\n\t\t\t\t\t<\/div>\n\t\t<\/section>\n\t\t\t\t<\/div>\n\t\t","protected":false},"excerpt":{"rendered":"<p>le Bureau de la MDL est \u00e9lu chaque ann\u00e9e par les \u00e9l\u00e8ves adh\u00e9rents ayant cotis\u00e9 en d\u00e9but d&rsquo;ann\u00e9e La MDL<\/p>\n","protected":false},"author":26,"featured_media":10223,"parent":949,"menu_order":1,"comment_status":"closed","ping_status":"closed","template":"elementor_theme","meta":{"colormag_page_container_layout":"default_layout","colormag_page_sidebar_layout":"default_layout","footnotes":""},"class_list":["post-9968","page","type-page","status-publish","has-post-thumbnail","hentry"],"_links":{"self":[{"href":"https:\/\/edouard-vallaint-vierzon.ovh\/index.php?rest_route=\/wp\/v2\/pages\/9968","targetHints":{"allow":["GET"]}}],"collection":[{"href":"https:\/\/edouard-vallaint-vierzon.ovh\/index.php?rest_route=\/wp\/v2\/pages"}],"about":[{"href":"https:\/\/edouard-vallaint-vierzon.ovh\/index.php?rest_route=\/wp\/v2\/types\/page"}],"author":[{"embeddable":true,"href":"https:\/\/edouard-vallaint-vierzon.ovh\/index.php?rest_route=\/wp\/v2\/users\/26"}],"replies":[{"embeddable":true,"href":"https:\/\/edouard-vallaint-vierzon.ovh\/index.php?rest_route=%2Fwp%2Fv2%2Fcomments&post=9968"}],"version-history":[{"count":20,"href":"https:\/\/edouard-vallaint-vierzon.ovh\/index.php?rest_route=\/wp\/v2\/pages\/9968\/revisions"}],"predecessor-version":[{"id":10965,"href":"https:\/\/edouard-vallaint-vierzon.ovh\/index.php?rest_route=\/wp\/v2\/pages\/9968\/revisions\/10965"}],"up":[{"embeddable":true,"href":"https:\/\/edouard-vallaint-vierzon.ovh\/index.php?rest_route=\/wp\/v2\/pages\/949"}],"wp:featuredmedia":[{"embeddable":true,"href":"https:\/\/edouard-vallaint-vierzon.ovh\/index.php?rest_route=\/wp\/v2\/media\/10223"}],"wp:attachment":[{"href":"https:\/\/edouard-vallaint-vierzon.ovh\/index.php?rest_route=%2Fwp%2Fv2%2Fmedia&parent=9968"}],"curies":[{"name":"wp","href":"https:\/\/api.w.org\/{rel}","templated":true}]}}