{"id":9942,"date":"2024-06-14T12:54:39","date_gmt":"2024-06-14T10:54:39","guid":{"rendered":"https:\/\/edouard-vallaint-vierzon.ovh\/?page_id=9942"},"modified":"2025-07-08T09:37:49","modified_gmt":"2025-07-08T07:37:49","slug":"presentation-du-service-vie-scolaire","status":"publish","type":"page","link":"https:\/\/edouard-vallaint-vierzon.ovh\/?page_id=9942","title":{"rendered":"La Vie Scolaire"},"content":{"rendered":"\t\t<div data-elementor-type=\"wp-page\" data-elementor-id=\"9942\" class=\"elementor elementor-9942\">\n\t\t\t\t\t\t<section class=\"elementor-section elementor-top-section elementor-element elementor-element-6931059 elementor-section-boxed elementor-section-height-default elementor-section-height-default\" data-id=\"6931059\" data-element_type=\"section\" data-e-type=\"section\">\n\t\t\t\t\t\t<div class=\"elementor-container elementor-column-gap-default\">\n\t\t\t\t\t<div class=\"elementor-column elementor-col-100 elementor-top-column elementor-element elementor-element-f3d3ba5\" data-id=\"f3d3ba5\" data-element_type=\"column\" data-e-type=\"column\">\n\t\t\t<div class=\"elementor-widget-wrap elementor-element-populated\">\n\t\t\t\t\t\t<div class=\"elementor-element elementor-element-1d360c3 elementor-widget elementor-widget-text-editor\" data-id=\"1d360c3\" data-element_type=\"widget\" data-e-type=\"widget\" data-widget_type=\"text-editor.default\">\n\t\t\t\t<div class=\"elementor-widget-container\">\n\t\t\t\t\t\t\t\t\t<h4 style=\"font-variant-ligatures: normal; font-variant-caps: normal; font-style: normal;\">Pr\u00e9sentation du service\u00a0<\/h4><p style=\"font-variant-ligatures: normal; font-variant-caps: normal; font-family: Roboto, sans-serif; font-style: normal; font-weight: 400;\">L\u2019\u00e9quipe est r\u00e9partie sur deux Vies Scolaires, une pour la section g\u00e9n\u00e9rale et technologique (SEGT) et une pour la section professionnelle (SEP)<\/p><p style=\"font-variant-ligatures: normal; font-variant-caps: normal; font-family: Roboto, sans-serif; font-style: normal; font-weight: 400;\">Nos missions\u00a0? Accueil et encadrement des \u00e9l\u00e8ves sur l\u2019externat et l\u2019internat, gestion des absences et retards, surveillances des entr\u00e9es\/sorties ainsi que le self. Investissement sur divers projets\u00a0: MDL, Non au harc\u00e8lement, Sidaction, La\u00efcit\u00e9\u2026<\/p><p style=\"font-variant-ligatures: normal; font-variant-caps: normal; font-family: Roboto, sans-serif; font-style: normal; font-weight: 400;\">Pour rappel, un appel t\u00e9l\u00e9phonique ne justifie pas une absence, il nous en informe seulement. Merci de justifier par la suite chaque absence ou retard avec un mot de votre part \u00e0 nous d\u00e9poser en vie scolaire ou \u00e0 nous envoyer par mail \u00e0 l\u2019adresse suivante : viesco-vaillant@ac-orleans-tours.fr<\/p><p style=\"font-variant-ligatures: normal; font-variant-caps: normal; font-family: Roboto, sans-serif; font-style: normal; font-weight: 400; margin-bottom: 1.5em;\">Merci d\u2019indiquer nom, pr\u00e9nom, classe et motif de l\u2019absence.<\/p>\t\t\t\t\t\t\t\t<\/div>\n\t\t\t\t<\/div>\n\t\t\t\t\t<\/div>\n\t\t<\/div>\n\t\t\t\t\t<\/div>\n\t\t<\/section>\n\t\t\t\t<section class=\"elementor-section elementor-top-section elementor-element elementor-element-133d01f elementor-section-boxed elementor-section-height-default elementor-section-height-default\" data-id=\"133d01f\" data-element_type=\"section\" data-e-type=\"section\">\n\t\t\t\t\t\t<div class=\"elementor-container elementor-column-gap-default\">\n\t\t\t\t\t<div class=\"elementor-column elementor-col-50 elementor-top-column elementor-element elementor-element-14c2163\" data-id=\"14c2163\" data-element_type=\"column\" data-e-type=\"column\">\n\t\t\t<div class=\"elementor-widget-wrap elementor-element-populated\">\n\t\t\t\t\t\t<div class=\"elementor-element elementor-element-0737648 elementor-widget elementor-widget-text-editor\" data-id=\"0737648\" data-element_type=\"widget\" data-e-type=\"widget\" data-widget_type=\"text-editor.default\">\n\t\t\t\t<div class=\"elementor-widget-container\">\n\t\t\t\t\t\t\t\t\t<h3 style=\"font-variant-ligatures: normal; font-variant-caps: normal; font-style: normal;\"><span style=\"font-size: 32px; color: #ff9900;\"><span style=\"font-size: 32px; font-weight: 600;\"><span style=\"font-size: 32px; text-decoration-line: underline;\"><span style=\"font-size: 36pt;\">Organigramme\u00a0:<\/span><\/span><\/span><\/span><\/h3><h6 style=\"font-variant-ligatures: normal; font-variant-caps: normal; font-style: normal;\"><strong><span style=\"font-size: 16px; color: #cc99ff;\"><span style=\"font-size: 16px;\"><u>CPE (Conseiller Principal d&rsquo;\u00c9ducation)<\/u><\/span><\/span><\/strong><\/h6><ul style=\"font-variant-ligatures: normal; font-variant-caps: normal; font-family: Roboto, sans-serif; font-size: 15px; font-style: normal; font-weight: 400;\"><li style=\"font-size: 15px;\">Monsieur FRANCHET (G\u00e9n\u00e9ral)<\/li><li style=\"font-size: 15px;\">Monsieur BARTHELEMY (G\u00e9n\u00e9ral)<\/li><li style=\"font-size: 15px;\">Mme CLARISSOU (Professionnel)<\/li><\/ul><h6 style=\"font-variant-ligatures: normal; font-variant-caps: normal; font-style: normal;\"><strong><span style=\"font-size: 16px; color: #ff6600;\"><span style=\"font-size: 16px;\"><u>Manager d&rsquo;Internat d&rsquo;Excellence<\/u><\/span><\/span><\/strong><\/h6><ul style=\"font-variant-ligatures: normal; font-variant-caps: normal; font-family: Roboto, sans-serif; font-size: 15px; font-style: normal; font-weight: 400;\"><li style=\"font-size: 15px;\">Fr\u00e9d\u00e9ric<\/li><\/ul><h6 style=\"font-variant-ligatures: normal; font-variant-caps: normal; font-style: normal;\"><strong><span style=\"font-size: 16px; color: #99cc00;\"><span style=\"font-size: 16px;\"><u>AED (Assistant d&rsquo;Education)<\/u><\/span><\/span><\/strong><\/h6><ul style=\"font-variant-ligatures: normal; font-variant-caps: normal; font-family: Roboto, sans-serif; font-size: 15px; font-style: normal; font-weight: 400;\"><li style=\"font-size: 15px;\">Robin<\/li><li style=\"font-size: 15px;\">Brice<\/li><li style=\"font-size: 15px;\">No\u00e9mie<\/li><li style=\"font-size: 15px;\">Antoni<\/li><li style=\"font-size: 15px;\">Sandrine<\/li><li style=\"font-size: 15px;\">Fr\u00e9d\u00e9ric<\/li><li style=\"font-size: 15px;\">Malika<\/li><li style=\"font-size: 15px;\">Nawel<\/li><li style=\"font-size: 15px;\">Leslie<\/li><li style=\"font-size: 15px;\">Alexis<\/li><li style=\"font-size: 15px;\">Andr\u00e9a<\/li><\/ul>\t\t\t\t\t\t\t\t<\/div>\n\t\t\t\t<\/div>\n\t\t\t\t\t<\/div>\n\t\t<\/div>\n\t\t\t\t<div class=\"elementor-column elementor-col-50 elementor-top-column elementor-element elementor-element-0981737\" data-id=\"0981737\" data-element_type=\"column\" data-e-type=\"column\">\n\t\t\t<div class=\"elementor-widget-wrap elementor-element-populated\">\n\t\t\t\t\t\t<div class=\"elementor-element elementor-element-a8538e9 elementor-widget elementor-widget-text-editor\" data-id=\"a8538e9\" data-element_type=\"widget\" data-e-type=\"widget\" data-widget_type=\"text-editor.default\">\n\t\t\t\t<div class=\"elementor-widget-container\">\n\t\t\t\t\t\t\t\t\t<h5>\u00a0<\/h5><h5>\u00a0<\/h5><h5 style=\"font-variant-ligatures: normal; font-variant-caps: normal; font-style: normal;\"><span style=\"font-size: 18px; color: #339966;\"><span style=\"font-size: 18px; font-weight: 600;\"><em style=\"font-size: 18px;\"><u>Pour contacter la Vie Scolaire :<\/u><\/em><\/span><\/span><\/h5><ul style=\"font-variant-ligatures: normal; font-variant-caps: normal; font-family: Roboto, sans-serif; font-size: 15px; font-style: normal; font-weight: 400;\"><li style=\"font-size: 15px;\"><span style=\"font-size: 15px; font-weight: 600;\"><em style=\"font-size: 15px;\">Mail<\/em><\/span><span style=\"font-size: 15px; font-weight: 600;\">\u00a0:<\/span> viesco-vaillant@ac-orleans-tours.fr<\/li><\/ul><h6 style=\"font-variant-ligatures: normal; font-variant-caps: normal; font-style: normal;\"><span style=\"font-size: 16px; font-weight: 600;\"><em style=\"font-size: 16px;\"><u>T\u00e9l\u00e9phone :<\/u><\/em><\/span><\/h6><ul style=\"font-variant-ligatures: normal; font-variant-caps: normal; font-family: Roboto, sans-serif; font-size: 15px; font-style: normal; font-weight: 400;\"><li style=\"font-size: 15px;\">SEG : 02.48.71.74.60<\/li><li style=\"font-size: 15px;\">SEP : 02.48.71.64.38<\/li><li style=\"font-size: 15px;\">Internat : 02.36.55.00.93<\/li><\/ul><h6 style=\"font-variant-ligatures: normal; font-variant-caps: normal; font-style: normal;\"><span style=\"font-size: 16px; font-weight: 600;\"><u>Horaire ouverture :<\/u><\/span><\/h6><ul style=\"font-variant-ligatures: normal; font-variant-caps: normal; font-family: Roboto, sans-serif; font-size: 15px; font-style: normal; font-weight: 400;\"><li style=\"font-size: 15px;\">Lundi, Mardi, Jeudi, Vendredi<br \/><ul style=\"font-size: 15px;\"><li style=\"font-size: 15px;\">7h45 \u00e0 18h<\/li><\/ul><\/li><\/ul><ul style=\"font-variant-ligatures: normal; font-variant-caps: normal; font-family: Roboto, sans-serif; font-size: 15px; font-style: normal; font-weight: 400;\"><li style=\"font-size: 15px;\">Mercredi<br \/><ul style=\"font-size: 15px;\"><li style=\"font-size: 15px;\">7h45 \u00e0 12h<\/li><\/ul><\/li><\/ul>\t\t\t\t\t\t\t\t<\/div>\n\t\t\t\t<\/div>\n\t\t\t\t\t<\/div>\n\t\t<\/div>\n\t\t\t\t\t<\/div>\n\t\t<\/section>\n\t\t\t\t<\/div>\n\t\t","protected":false},"excerpt":{"rendered":"<p>Pr\u00e9sentation du service\u00a0 L\u2019\u00e9quipe est r\u00e9partie sur deux Vies Scolaires, une pour la section g\u00e9n\u00e9rale et technologique (SEGT) et une<\/p>\n","protected":false},"author":26,"featured_media":9975,"parent":0,"menu_order":1,"comment_status":"closed","ping_status":"closed","template":"","meta":{"colormag_page_container_layout":"no_sidebar_full_width","colormag_page_sidebar_layout":"no_sidebar","footnotes":""},"class_list":["post-9942","page","type-page","status-publish","has-post-thumbnail","hentry"],"_links":{"self":[{"href":"https:\/\/edouard-vallaint-vierzon.ovh\/index.php?rest_route=\/wp\/v2\/pages\/9942","targetHints":{"allow":["GET"]}}],"collection":[{"href":"https:\/\/edouard-vallaint-vierzon.ovh\/index.php?rest_route=\/wp\/v2\/pages"}],"about":[{"href":"https:\/\/edouard-vallaint-vierzon.ovh\/index.php?rest_route=\/wp\/v2\/types\/page"}],"author":[{"embeddable":true,"href":"https:\/\/edouard-vallaint-vierzon.ovh\/index.php?rest_route=\/wp\/v2\/users\/26"}],"replies":[{"embeddable":true,"href":"https:\/\/edouard-vallaint-vierzon.ovh\/index.php?rest_route=%2Fwp%2Fv2%2Fcomments&post=9942"}],"version-history":[{"count":117,"href":"https:\/\/edouard-vallaint-vierzon.ovh\/index.php?rest_route=\/wp\/v2\/pages\/9942\/revisions"}],"predecessor-version":[{"id":11595,"href":"https:\/\/edouard-vallaint-vierzon.ovh\/index.php?rest_route=\/wp\/v2\/pages\/9942\/revisions\/11595"}],"wp:featuredmedia":[{"embeddable":true,"href":"https:\/\/edouard-vallaint-vierzon.ovh\/index.php?rest_route=\/wp\/v2\/media\/9975"}],"wp:attachment":[{"href":"https:\/\/edouard-vallaint-vierzon.ovh\/index.php?rest_route=%2Fwp%2Fv2%2Fmedia&parent=9942"}],"curies":[{"name":"wp","href":"https:\/\/api.w.org\/{rel}","templated":true}]}}