{"id":949,"date":"2019-01-09T10:49:39","date_gmt":"2019-01-09T09:49:39","guid":{"rendered":"http:\/\/edouard-vallaint-vierzon.ovh\/?page_id=949"},"modified":"2024-06-18T13:13:32","modified_gmt":"2024-06-18T11:13:32","slug":"la-vie-culturelle","status":"publish","type":"page","link":"https:\/\/edouard-vallaint-vierzon.ovh\/?page_id=949","title":{"rendered":"La vie culturelle"},"content":{"rendered":"\t\t<div data-elementor-type=\"wp-page\" data-elementor-id=\"949\" class=\"elementor elementor-949\">\n\t\t\t\t\t\t<section class=\"elementor-section elementor-top-section elementor-element elementor-element-33f8ee7 elementor-section-boxed elementor-section-height-default elementor-section-height-default\" data-id=\"33f8ee7\" data-element_type=\"section\" data-e-type=\"section\">\n\t\t\t\t\t\t<div class=\"elementor-container elementor-column-gap-default\">\n\t\t\t\t\t<div class=\"elementor-column elementor-col-100 elementor-top-column elementor-element elementor-element-81754f6\" data-id=\"81754f6\" data-element_type=\"column\" data-e-type=\"column\">\n\t\t\t<div class=\"elementor-widget-wrap elementor-element-populated\">\n\t\t\t\t\t\t<div class=\"elementor-element elementor-element-a2508a2 elementor-widget elementor-widget-image\" data-id=\"a2508a2\" data-element_type=\"widget\" data-e-type=\"widget\" data-widget_type=\"image.default\">\n\t\t\t\t<div class=\"elementor-widget-container\">\n\t\t\t\t\t\t\t\t\t\t\t\t<figure class=\"wp-caption\">\n\t\t\t\t\t\t\t\t\t\t<img fetchpriority=\"high\" decoding=\"async\" width=\"1024\" height=\"685\" src=\"https:\/\/edouard-vallaint-vierzon.ovh\/wp-content\/uploads\/2021\/12\/Logo-E3D-1024x685.png\" class=\"attachment-large size-large wp-image-6899\" alt=\"\" srcset=\"https:\/\/edouard-vallaint-vierzon.ovh\/wp-content\/uploads\/2021\/12\/Logo-E3D-1024x685.png 1024w, https:\/\/edouard-vallaint-vierzon.ovh\/wp-content\/uploads\/2021\/12\/Logo-E3D-300x201.png 300w, https:\/\/edouard-vallaint-vierzon.ovh\/wp-content\/uploads\/2021\/12\/Logo-E3D-768x514.png 768w, https:\/\/edouard-vallaint-vierzon.ovh\/wp-content\/uploads\/2021\/12\/Logo-E3D.png 1530w\" sizes=\"(max-width: 1024px) 100vw, 1024px\" \/>\t\t\t\t\t\t\t\t\t\t\t<figcaption class=\"widget-image-caption wp-caption-text\">Labellisation E3D du Lyc\u00e9e en Juillet 2020<\/figcaption>\n\t\t\t\t\t\t\t\t\t\t<\/figure>\n\t\t\t\t\t\t\t\t\t<\/div>\n\t\t\t\t<\/div>\n\t\t\t\t<div class=\"elementor-element elementor-element-0f1e127 elementor-widget-divider--view-line elementor-widget elementor-widget-divider\" data-id=\"0f1e127\" data-element_type=\"widget\" data-e-type=\"widget\" data-widget_type=\"divider.default\">\n\t\t\t\t<div class=\"elementor-widget-container\">\n\t\t\t\t\t\t\t<div class=\"elementor-divider\">\n\t\t\t<span class=\"elementor-divider-separator\">\n\t\t\t\t\t\t<\/span>\n\t\t<\/div>\n\t\t\t\t\t\t<\/div>\n\t\t\t\t<\/div>\n\t\t\t\t<div class=\"elementor-element elementor-element-217a3b6 elementor-widget elementor-widget-ColorMag-Posts-Block-1\" data-id=\"217a3b6\" data-element_type=\"widget\" data-e-type=\"widget\" data-widget_type=\"ColorMag-Posts-Block-1.default\">\n\t\t\t\t<div class=\"elementor-widget-container\">\n\t\t\t\t\t\n\t\t<div class=\"tg-module-block tg-module-block--style-1 tg-module-wrapper\">\n\t\t\t\n\t\t\t<div class=\"tg-row\">\n\t\t\t\t\t\t\t\t\t<div class=\"tg-col-control\">\n\t\t\t\t\t\t<div class=\"tg_module_block tg-first-block\">\n\t\t\t\t\t\t\t\t\t\t\t\t\t\t\t\t\t\t\t\t\t\t\t\t\t\t\t\t\t\t\t\t\t\t\t\t\t\t\t\t\n\t\t\t\t\t\t\t\t\n\t\t\t\t\t\t\t\t\t\t\t\t\t\t\t\t\t\t\t\t\t\t\t\t\t\t\t\t\t\t\t\t\t\t\t\t\t\t\t\t\t\t<h3 class=\"tg-module-title entry-title\">\n\t\t\t<a href=\"https:\/\/edouard-vallaint-vierzon.ovh\/?p=12004\">La semaine de la presse et des m\u00e9dias au lyc\u00e9e Vaillant<\/a>\n\t\t<\/h3>\n\t\t\t\t\t\t\t\t\t\t\n\t\t\t\t\t\t\t\t\n\t\t\t\t\t\t\t\t\t\t\t\t\t\t\t\t\t\t\t\t\t\t\t\t\t\t\t\t\t\t\t\n\t\t\t\t\t\t\t\t\t\t\t\t\t\t\t\t\t\n\t\t<div class=\"tg-module-meta\">\n\t\t\t\n\t\t\t<span class=\"tg-post-date entry-date\">\n\t\t\t\t<a href=\"https:\/\/edouard-vallaint-vierzon.ovh\/?p=12004\" rel=\"bookmark\"><time class=\"entry-date published updated\" datetime=\"2026-03-31T15:34:39+02:00\">31 mars 2026<\/time><\/a>\t\t\t<\/span>\n\n\t\t\t<span class=\"tg-post-auther-name author vcard\">\n\t\t\t\t<a class=\"url fn n\" href=\"https:\/\/edouard-vallaint-vierzon.ovh\/?author=6\">CDI<\/a>\t\t\t<\/span>\n\n\t\t\t\t\t<\/div>\n\n\t\t\t\t\t\t\t\t\t\t\n\t\t\t\t\t\t\t\t\t\t\t\t\t\t\t\t\t\t\t\t\t\t\t\t\t\t\t\t\t\t\t\n\t\t\t\t\t\t\t\t\n\t\t\t\t\t\t\t\t\t\t\t\t\t\t\t\t\t<div class=\"tg-expert entry-content\">\n\t\t\t\t\t\t\t\t\t\t\t\t\t\t\t\t\t\t\t<\/div>\n\t\t\t\t\t\t\t\t\t\t\t\t\t\t\t\t\t\t\t\t\t<\/div>\n\t\t\t\t\t<\/div>\n\t\t\t\t\t\t\n\t\t\t\t\t\t\t\t\t<div class=\"tg-col-control tg-two-block\">\n\t\t\t\t\t\n\t\t\t\t\t\t\t\t\t\t\t<div class=\"tg_module_block tg_module_block--list-small\">\n\t\t\t\t\t\t\t\t\t\t\t\t\t\t\t\t\t\t\t\t\t\t\n\t\t\t\t\t\t\t<div class=\"tg-module-info\">\n\t\t\t\t\t\t\t\t\t\t<h3 class=\"tg-module-title entry-title\">\n\t\t\t<a href=\"https:\/\/edouard-vallaint-vierzon.ovh\/?p=11984\">Echange Erasmus + entre le lyc\u00e9e et Miranda de Ebro<\/a>\n\t\t<\/h3>\n\t\t\n\t\t<div class=\"tg-module-meta\">\n\t\t\t\n\t\t\t<span class=\"tg-post-date entry-date\">\n\t\t\t\t<a href=\"https:\/\/edouard-vallaint-vierzon.ovh\/?p=11984\" rel=\"bookmark\"><time class=\"entry-date published updated\" datetime=\"2026-03-24T09:03:31+01:00\">24 mars 2026<\/time><\/a>\t\t\t<\/span>\n\n\t\t\t<span class=\"tg-post-auther-name author vcard\">\n\t\t\t\t<a class=\"url fn n\" href=\"https:\/\/edouard-vallaint-vierzon.ovh\/?author=6\">CDI<\/a>\t\t\t<\/span>\n\n\t\t\t\t\t<\/div>\n\n\t\t\t\t\t\t\t\t\t<\/div>\n\t\t\t\t\t\t<\/div>\n\t\t\t\t\t\t\n\t\t\t\t\t\t\t\t\t\t\t<div class=\"tg_module_block tg_module_block--list-small\">\n\t\t\t\t\t\t\t\t\t\t\t\t\t\t\t\t\t\t\t\t\t\t\n\t\t\t\t\t\t\t<div class=\"tg-module-info\">\n\t\t\t\t\t\t\t\t\t\t<h3 class=\"tg-module-title entry-title\">\n\t\t\t<a href=\"https:\/\/edouard-vallaint-vierzon.ovh\/?p=11904\">Lors de la Semaine des lyc\u00e9es professionnels, ils se sont impliqu\u00e9s : les lyc\u00e9ens fiers de leurs fili\u00e8res<\/a>\n\t\t<\/h3>\n\t\t\n\t\t<div class=\"tg-module-meta\">\n\t\t\t\n\t\t\t<span class=\"tg-post-date entry-date\">\n\t\t\t\t<a href=\"https:\/\/edouard-vallaint-vierzon.ovh\/?p=11904\" rel=\"bookmark\"><time class=\"entry-date published updated\" datetime=\"2026-01-06T14:27:56+01:00\">6 janvier 2026<\/time><\/a>\t\t\t<\/span>\n\n\t\t\t<span class=\"tg-post-auther-name author vcard\">\n\t\t\t\t<a class=\"url fn n\" href=\"https:\/\/edouard-vallaint-vierzon.ovh\/?author=6\">CDI<\/a>\t\t\t<\/span>\n\n\t\t\t\t\t<\/div>\n\n\t\t\t\t\t\t\t\t\t<\/div>\n\t\t\t\t\t\t<\/div>\n\t\t\t\t\t\t\n\t\t\t\t\t\t\t\t\t\t\t<div class=\"tg_module_block tg_module_block--list-small\">\n\t\t\t\t\t\t\t\t\t\t\t\t\t\t\t\t\t\t\t\t\t\t\n\t\t\t\t\t\t\t<div class=\"tg-module-info\">\n\t\t\t\t\t\t\t\t\t\t<h3 class=\"tg-module-title entry-title\">\n\t\t\t<a href=\"https:\/\/edouard-vallaint-vierzon.ovh\/?p=11889\">Hommage po\u00e9tique et poignant \u00e0 Dominique Bernard au lyc\u00e9e \u00c9douard-Vaillant de Vierzon<\/a>\n\t\t<\/h3>\n\t\t\n\t\t<div class=\"tg-module-meta\">\n\t\t\t\n\t\t\t<span class=\"tg-post-date entry-date\">\n\t\t\t\t<a href=\"https:\/\/edouard-vallaint-vierzon.ovh\/?p=11889\" rel=\"bookmark\"><time class=\"entry-date published updated\" datetime=\"2025-12-15T08:37:58+01:00\">15 d\u00e9cembre 2025<\/time><\/a>\t\t\t<\/span>\n\n\t\t\t<span class=\"tg-post-auther-name author vcard\">\n\t\t\t\t<a class=\"url fn n\" href=\"https:\/\/edouard-vallaint-vierzon.ovh\/?author=6\">CDI<\/a>\t\t\t<\/span>\n\n\t\t\t\t\t<\/div>\n\n\t\t\t\t\t\t\t\t\t<\/div>\n\t\t\t\t\t\t<\/div>\n\t\t\t\t\t\t\n\t\t\t\t\t\t\t\t\t\t\t<div class=\"tg_module_block tg_module_block--list-small\">\n\t\t\t\t\t\t\t\t\t\t\t\t\t\t\t\t\t\t\t\t\t\t\n\t\t\t\t\t\t\t<div class=\"tg-module-info\">\n\t\t\t\t\t\t\t\t\t\t<h3 class=\"tg-module-title entry-title\">\n\t\t\t<a href=\"https:\/\/edouard-vallaint-vierzon.ovh\/?p=11784\">Un jeune Mexicain au lyc\u00e9e Vaillant de Vierzon<\/a>\n\t\t<\/h3>\n\t\t\n\t\t<div class=\"tg-module-meta\">\n\t\t\t\n\t\t\t<span class=\"tg-post-date entry-date\">\n\t\t\t\t<a href=\"https:\/\/edouard-vallaint-vierzon.ovh\/?p=11784\" rel=\"bookmark\"><time class=\"entry-date published\" datetime=\"2025-11-03T08:33:27+01:00\">3 novembre 2025<\/time><time class=\"updated\" datetime=\"2025-11-03T08:40:00+01:00\">3 novembre 2025<\/time><\/a>\t\t\t<\/span>\n\n\t\t\t<span class=\"tg-post-auther-name author vcard\">\n\t\t\t\t<a class=\"url fn n\" href=\"https:\/\/edouard-vallaint-vierzon.ovh\/?author=6\">CDI<\/a>\t\t\t<\/span>\n\n\t\t\t\t\t<\/div>\n\n\t\t\t\t\t\t\t\t\t<\/div>\n\t\t\t\t\t\t<\/div>\n\t\t\t\t\t\t\t\t\t\t<\/div>\n\t\t\t\t\t\t\t\t<\/div>\n\t\t<\/div>\n\n\t\t\t\t\t\t<\/div>\n\t\t\t\t<\/div>\n\t\t\t\t\t<\/div>\n\t\t<\/div>\n\t\t\t\t\t<\/div>\n\t\t<\/section>\n\t\t\t\t<\/div>\n\t\t","protected":false},"excerpt":{"rendered":"<p>Labellisation E3D du Lyc\u00e9e en Juillet 2020 Br\u00e8ves&nbsp;Ev\u00e8nement\/Action du lyc\u00e9e&nbsp;Vers les m\u00e9tiers&nbsp; \u00ab\u00a0L&rsquo;\u00e9veil des sens\u00a0\u00bb \u00e0 l&rsquo;EHPAD des 5 Rivi\u00e8res<\/p>\n","protected":false},"author":1,"featured_media":0,"parent":0,"menu_order":0,"comment_status":"closed","ping_status":"closed","template":"elementor_theme","meta":{"colormag_page_container_layout":"default_layout","colormag_page_sidebar_layout":"default_layout","footnotes":""},"class_list":["post-949","page","type-page","status-publish","hentry"],"_links":{"self":[{"href":"https:\/\/edouard-vallaint-vierzon.ovh\/index.php?rest_route=\/wp\/v2\/pages\/949","targetHints":{"allow":["GET"]}}],"collection":[{"href":"https:\/\/edouard-vallaint-vierzon.ovh\/index.php?rest_route=\/wp\/v2\/pages"}],"about":[{"href":"https:\/\/edouard-vallaint-vierzon.ovh\/index.php?rest_route=\/wp\/v2\/types\/page"}],"author":[{"embeddable":true,"href":"https:\/\/edouard-vallaint-vierzon.ovh\/index.php?rest_route=\/wp\/v2\/users\/1"}],"replies":[{"embeddable":true,"href":"https:\/\/edouard-vallaint-vierzon.ovh\/index.php?rest_route=%2Fwp%2Fv2%2Fcomments&post=949"}],"version-history":[{"count":125,"href":"https:\/\/edouard-vallaint-vierzon.ovh\/index.php?rest_route=\/wp\/v2\/pages\/949\/revisions"}],"predecessor-version":[{"id":10100,"href":"https:\/\/edouard-vallaint-vierzon.ovh\/index.php?rest_route=\/wp\/v2\/pages\/949\/revisions\/10100"}],"wp:attachment":[{"href":"https:\/\/edouard-vallaint-vierzon.ovh\/index.php?rest_route=%2Fwp%2Fv2%2Fmedia&parent=949"}],"curies":[{"name":"wp","href":"https:\/\/api.w.org\/{rel}","templated":true}]}}