{"id":5269,"date":"2020-05-28T16:32:17","date_gmt":"2020-05-28T14:32:17","guid":{"rendered":"http:\/\/edouard-vallaint-vierzon.ovh\/?page_id=5269"},"modified":"2022-06-23T09:56:31","modified_gmt":"2022-06-23T07:56:31","slug":"acces-au-lycee-a-partir-du-2-juin","status":"publish","type":"page","link":"https:\/\/edouard-vallaint-vierzon.ovh\/?page_id=5269","title":{"rendered":"acc\u00e8s au lyc\u00e9e pour la rentr\u00e9e 2022"},"content":{"rendered":"\n<p>Madame, Monsieur, Chers Parents,<\/p>\n<p>Le plan Vigipirate est toujours au niveau \u00ab urgence attentats \u00bb \u00e0 ce jour.<\/p>\n<p>Ainsi, tous les \u00e9l\u00e8ves sont attendus selon les horaires de rentr\u00e9e voir page <a href=\"https:\/\/edouard-vallaint-vierzon.ovh\/?page_id=3889\">\u00a0agenda<\/a>\u00a0 .<\/p>\n<p>Vous trouverez le lien ci-dessous vers le protocole sanitaire minist\u00e9riel.<\/p>\n<p><a href=\"https:\/\/www.education.gouv.fr\/annee-scolaire-2021-2022-protocole-sanitaire-et-mesures-de-fonctionnement-324257\">Protocole minist\u00e9riel.<\/a><\/p>\n<p>Je vous remercie de votre compr\u00e9hension.<\/p>\n<p>Bien cordialement,<\/p>\n<p>Sacha Suman<\/p>\n<p>\u00a0<\/p>\n<p>mise \u00e0 jour le 23\/06\/2022<\/p>\n","protected":false},"excerpt":{"rendered":"<p>Madame, Monsieur, Chers Parents, Le plan Vigipirate est toujours au niveau \u00ab urgence attentats \u00bb \u00e0 ce jour. Ainsi, tous<\/p>\n","protected":false},"author":26,"featured_media":0,"parent":0,"menu_order":0,"comment_status":"closed","ping_status":"closed","template":"","meta":{"colormag_page_container_layout":"no_sidebar_full_width","colormag_page_sidebar_layout":"right_sidebar","footnotes":""},"class_list":["post-5269","page","type-page","status-publish","hentry"],"_links":{"self":[{"href":"https:\/\/edouard-vallaint-vierzon.ovh\/index.php?rest_route=\/wp\/v2\/pages\/5269","targetHints":{"allow":["GET"]}}],"collection":[{"href":"https:\/\/edouard-vallaint-vierzon.ovh\/index.php?rest_route=\/wp\/v2\/pages"}],"about":[{"href":"https:\/\/edouard-vallaint-vierzon.ovh\/index.php?rest_route=\/wp\/v2\/types\/page"}],"author":[{"embeddable":true,"href":"https:\/\/edouard-vallaint-vierzon.ovh\/index.php?rest_route=\/wp\/v2\/users\/26"}],"replies":[{"embeddable":true,"href":"https:\/\/edouard-vallaint-vierzon.ovh\/index.php?rest_route=%2Fwp%2Fv2%2Fcomments&post=5269"}],"version-history":[{"count":37,"href":"https:\/\/edouard-vallaint-vierzon.ovh\/index.php?rest_route=\/wp\/v2\/pages\/5269\/revisions"}],"predecessor-version":[{"id":7678,"href":"https:\/\/edouard-vallaint-vierzon.ovh\/index.php?rest_route=\/wp\/v2\/pages\/5269\/revisions\/7678"}],"wp:attachment":[{"href":"https:\/\/edouard-vallaint-vierzon.ovh\/index.php?rest_route=%2Fwp%2Fv2%2Fmedia&parent=5269"}],"curies":[{"name":"wp","href":"https:\/\/api.w.org\/{rel}","templated":true}]}}