{"id":4473,"date":"2019-11-28T14:03:01","date_gmt":"2019-11-28T13:03:01","guid":{"rendered":"http:\/\/edouard-vallaint-vierzon.ovh\/?page_id=4473"},"modified":"2024-07-07T16:33:49","modified_gmt":"2024-07-07T14:33:49","slug":"informations-parents","status":"publish","type":"page","link":"https:\/\/edouard-vallaint-vierzon.ovh\/?page_id=4473","title":{"rendered":"Educonnet"},"content":{"rendered":"\n<div><span style=\"color: #000000;\">La proc\u00e9dure d&rsquo;authentification des responsables l\u00e9gaux \u00e0 l&rsquo;espace num\u00e9rique de travail du lyc\u00e9e se fait via le dispositif Educonnect. Vous n&rsquo;avez pas de mot de passe. Nous vous avons communiqu\u00e9, les informations n\u00e9cessaires pour avoir acc\u00e8s \u00e0 cet espace et les diff\u00e9rents services tel que la demande de bourses.<\/span><\/div>\n<div>\u00a0<\/div>\n<div><span style=\"color: #000000;\">Pour plus d&rsquo;informations, vous trouverez ci-dessous deux adresses:<\/span><\/div>\n<div>\u00a0<\/div>\n<div><span style=\"color: #000000;\">une pour avoir acc\u00e8s au guide complet :<\/span><\/div>\n<div><a href=\"https:\/\/educonnect.education.gouv.fr\/educt-aide\/ressources\/EduConnect_GuidePortailParents_v1.8.pdf\" target=\"_blank\" rel=\"noopener noreferrer\">https:\/\/educonnect.education.gouv.fr\/educt-aide\/ressources\/EduConnect_GuidePortailParents_v1.8.pdf<\/a><\/div>\n<div>\u00a0<\/div>\n<div>\u00a0<\/div>\n<div><span style=\"color: #000000;\">Vous pouvez aussi utiliser l&rsquo;adresse suivante si vous voulez vous identifier \u00e0 partir de votre num\u00e9ro de t\u00e9l\u00e9phone portable:<\/span><\/div>\n<div>\u00a0<\/div>\n<div>\n<div><a href=\"https:\/\/moncompte.educonnect.education.gouv.fr\/educt-self-service\/activation\/saisieNomEtNumero\" target=\"_blank\" rel=\"noopener noreferrer\">https:\/\/moncompte.educonnect.education.gouv.fr\/educt-self-service\/activation\/saisieNomEtNumero<\/a><\/div>\n<\/div>\n","protected":false},"excerpt":{"rendered":"<p>La proc\u00e9dure d&rsquo;authentification des responsables l\u00e9gaux \u00e0 l&rsquo;espace num\u00e9rique de travail du lyc\u00e9e se fait via le dispositif Educonnect. Vous<\/p>\n","protected":false},"author":5,"featured_media":0,"parent":0,"menu_order":0,"comment_status":"closed","ping_status":"closed","template":"","meta":{"colormag_page_container_layout":"default_layout","colormag_page_sidebar_layout":"default_layout","footnotes":""},"class_list":["post-4473","page","type-page","status-publish","hentry"],"_links":{"self":[{"href":"https:\/\/edouard-vallaint-vierzon.ovh\/index.php?rest_route=\/wp\/v2\/pages\/4473","targetHints":{"allow":["GET"]}}],"collection":[{"href":"https:\/\/edouard-vallaint-vierzon.ovh\/index.php?rest_route=\/wp\/v2\/pages"}],"about":[{"href":"https:\/\/edouard-vallaint-vierzon.ovh\/index.php?rest_route=\/wp\/v2\/types\/page"}],"author":[{"embeddable":true,"href":"https:\/\/edouard-vallaint-vierzon.ovh\/index.php?rest_route=\/wp\/v2\/users\/5"}],"replies":[{"embeddable":true,"href":"https:\/\/edouard-vallaint-vierzon.ovh\/index.php?rest_route=%2Fwp%2Fv2%2Fcomments&post=4473"}],"version-history":[{"count":26,"href":"https:\/\/edouard-vallaint-vierzon.ovh\/index.php?rest_route=\/wp\/v2\/pages\/4473\/revisions"}],"predecessor-version":[{"id":10661,"href":"https:\/\/edouard-vallaint-vierzon.ovh\/index.php?rest_route=\/wp\/v2\/pages\/4473\/revisions\/10661"}],"wp:attachment":[{"href":"https:\/\/edouard-vallaint-vierzon.ovh\/index.php?rest_route=%2Fwp%2Fv2%2Fmedia&parent=4473"}],"curies":[{"name":"wp","href":"https:\/\/api.w.org\/{rel}","templated":true}]}}