{"id":407,"date":"2018-12-07T11:45:16","date_gmt":"2018-12-07T10:45:16","guid":{"rendered":"http:\/\/127.0.0.1\/wordpress\/?page_id=407"},"modified":"2026-04-01T22:53:53","modified_gmt":"2026-04-01T20:53:53","slug":"accueil","status":"publish","type":"page","link":"https:\/\/edouard-vallaint-vierzon.ovh\/","title":{"rendered":""},"content":{"rendered":"\t\t<div data-elementor-type=\"wp-page\" data-elementor-id=\"407\" class=\"elementor elementor-407\">\n\t\t\t\t\t\t<section class=\"elementor-section elementor-top-section elementor-element elementor-element-e3acb5b elementor-section-boxed elementor-section-height-default elementor-section-height-default\" data-id=\"e3acb5b\" data-element_type=\"section\" data-e-type=\"section\">\n\t\t\t\t\t\t<div class=\"elementor-container elementor-column-gap-default\">\n\t\t\t\t\t<div class=\"elementor-column elementor-col-100 elementor-top-column elementor-element elementor-element-a616be7\" data-id=\"a616be7\" data-element_type=\"column\" data-e-type=\"column\">\n\t\t\t<div class=\"elementor-widget-wrap elementor-element-populated\">\n\t\t\t\t\t\t<div class=\"elementor-element elementor-element-ed58e8b elementor-widget elementor-widget-text-editor\" data-id=\"ed58e8b\" data-element_type=\"widget\" data-e-type=\"widget\" data-widget_type=\"text-editor.default\">\n\t\t\t\t<div class=\"elementor-widget-container\">\n\t\t\t\t\t\t\t\t\t<p style=\"text-align: center;\"><span style=\"color: #000000;\"><a style=\"color: #000000;\" href=\"https:\/\/edouard-vallaint-vierzon.ovh\/?page_id=979\">Le lyc\u00e9e Edouard Vaillant et son internat labellis\u00e9 \u00ab\u00a0INTERNAT D&rsquo;EXCELLENCE\u00a0\u00bb.<\/a><\/span><\/p><p style=\"text-align: center;\"><img decoding=\"async\" src=\"https:\/\/edouard-vallaint-vierzon.ovh\/wp-content\/uploads\/2021\/06\/logo-internat.jpg\" alt=\"\" width=\"103\" height=\"104\" \/><\/p><p style=\"text-align: center;\"><span style=\"color: #000000;\"><a style=\"color: #000000;\" href=\"https:\/\/www.service-public.fr\/particuliers\/actualites\/A14941\">Une information du site service-public.fr<\/a><\/span><\/p>\t\t\t\t\t\t\t\t<\/div>\n\t\t\t\t<\/div>\n\t\t\t\t\t<\/div>\n\t\t<\/div>\n\t\t\t\t\t<\/div>\n\t\t<\/section>\n\t\t\t\t<section class=\"elementor-section elementor-top-section elementor-element elementor-element-33b1c85 elementor-section-boxed elementor-section-height-default elementor-section-height-default\" data-id=\"33b1c85\" data-element_type=\"section\" data-e-type=\"section\">\n\t\t\t\t\t\t<div class=\"elementor-container elementor-column-gap-default\">\n\t\t\t\t\t<div class=\"elementor-column elementor-col-100 elementor-top-column elementor-element elementor-element-701a283\" data-id=\"701a283\" data-element_type=\"column\" data-e-type=\"column\">\n\t\t\t<div class=\"elementor-widget-wrap elementor-element-populated\">\n\t\t\t\t\t\t<div class=\"elementor-element elementor-element-3c3e77a elementor-widget elementor-widget-text-editor\" data-id=\"3c3e77a\" data-element_type=\"widget\" data-e-type=\"widget\" data-widget_type=\"text-editor.default\">\n\t\t\t\t<div class=\"elementor-widget-container\">\n\t\t\t\t\t\t\t\t\t<p><span style=\"color: #000000;\">Le lyc\u00e9e polyvalent Edouard VAILLANT de VIERZON fait partie d\u2019une cit\u00e9 scolaire situ\u00e9e au c\u0153ur d\u2019une ville de 27050 habitants (2014). L\u2019ensemble s\u2019\u00e9tend sur un espace de plus de cinq hectares compos\u00e9 de 7500 m\u00b2 de b\u00e2tis, 28000 m\u00b2 de voirie, 18500 m\u00b2 d\u2019espaces verts et 4600 m\u00b2 d\u2019installations sportives.<\/span><\/p><p><span style=\"color: #000000;\">Sont donc implant\u00e9s sur le site scolaire Edouard VAILLANT, le LPO, le coll\u00e8ge et le SRPO (Service Public R\u00e9gional de l\u2019Orientation) de VIERZON.<\/span><\/p><p><span style=\"color: #000000;\">Le coll\u00e8ge est ind\u00e9pendant du lyc\u00e9e pour son administration mais il en partage les acc\u00e8s, le restaurant scolaire, les installations sportives et le personnel d\u2019entretien. Cette structure ne constitue donc pas une v\u00e9ritable cit\u00e9 scolaire.<\/span><\/p><p><span style=\"color: #000000;\">Le LPO Edouard VAILLANT r\u00e9pond aujourd\u2019hui \u00e0 une triple vocation d\u2019enseignement \u00e0 la fois g\u00e9n\u00e9rale, technologique et professionnelle, avec des formations professionnelles tertiaires du CAP au BTS. La proximit\u00e9 du lyc\u00e9e polyvalent Henri BRISSON et de son offre de formation ax\u00e9e sur l\u2019industriel, permet \u00e0 la ville de VIERZON de disposer d\u2019un p\u00f4le de formation assez complet sur un p\u00e9rim\u00e8tre g\u00e9ographique restreint.<\/span><\/p><p><span style=\"color: #000000;\">La r\u00e9habilitation compl\u00e8te de l\u2019internat, au printemps 2019, offre un espace permettant d\u2019h\u00e9berger 159 lyc\u00e9ens et 30 coll\u00e9giens au titre de l\u2019internat d\u00e9partemental des coll\u00e9giens. Cet internat int\u00e8gre le dispositif \u00ab internat de la r\u00e9ussite pour tous \u00bb et a b\u00e9n\u00e9fici\u00e9 de subventions de l\u2019ANRU.<\/span><\/p>\t\t\t\t\t\t\t\t<\/div>\n\t\t\t\t<\/div>\n\t\t\t\t\t<\/div>\n\t\t<\/div>\n\t\t\t\t\t<\/div>\n\t\t<\/section>\n\t\t\t\t<\/div>\n\t\t","protected":false},"excerpt":{"rendered":"<p>Le lyc\u00e9e Edouard Vaillant et son internat labellis\u00e9 \u00ab\u00a0INTERNAT D&rsquo;EXCELLENCE\u00a0\u00bb. Une information du site service-public.fr Le lyc\u00e9e polyvalent Edouard VAILLANT<\/p>\n","protected":false},"author":1,"featured_media":0,"parent":0,"menu_order":0,"comment_status":"closed","ping_status":"closed","template":"elementor_theme","meta":{"colormag_page_container_layout":"no_sidebar_full_width","colormag_page_sidebar_layout":"right_sidebar","footnotes":""},"class_list":["post-407","page","type-page","status-publish","hentry"],"_links":{"self":[{"href":"https:\/\/edouard-vallaint-vierzon.ovh\/index.php?rest_route=\/wp\/v2\/pages\/407","targetHints":{"allow":["GET"]}}],"collection":[{"href":"https:\/\/edouard-vallaint-vierzon.ovh\/index.php?rest_route=\/wp\/v2\/pages"}],"about":[{"href":"https:\/\/edouard-vallaint-vierzon.ovh\/index.php?rest_route=\/wp\/v2\/types\/page"}],"author":[{"embeddable":true,"href":"https:\/\/edouard-vallaint-vierzon.ovh\/index.php?rest_route=\/wp\/v2\/users\/1"}],"replies":[{"embeddable":true,"href":"https:\/\/edouard-vallaint-vierzon.ovh\/index.php?rest_route=%2Fwp%2Fv2%2Fcomments&post=407"}],"version-history":[{"count":250,"href":"https:\/\/edouard-vallaint-vierzon.ovh\/index.php?rest_route=\/wp\/v2\/pages\/407\/revisions"}],"predecessor-version":[{"id":12015,"href":"https:\/\/edouard-vallaint-vierzon.ovh\/index.php?rest_route=\/wp\/v2\/pages\/407\/revisions\/12015"}],"wp:attachment":[{"href":"https:\/\/edouard-vallaint-vierzon.ovh\/index.php?rest_route=%2Fwp%2Fv2%2Fmedia&parent=407"}],"curies":[{"name":"wp","href":"https:\/\/api.w.org\/{rel}","templated":true}]}}