{"id":1901,"date":"2019-01-28T18:51:39","date_gmt":"2019-01-28T17:51:39","guid":{"rendered":"http:\/\/edouard-vallaint-vierzon.ovh\/?page_id=1901"},"modified":"2019-01-28T19:22:02","modified_gmt":"2019-01-28T18:22:02","slug":"horaires","status":"publish","type":"page","link":"https:\/\/edouard-vallaint-vierzon.ovh\/?page_id=1901","title":{"rendered":"Horaires"},"content":{"rendered":"\n<p>L\u2019\u00e9tablissement est ouvert aux \u00e9l\u00e8ves les lundi, mardi, mercredi, jeudi, vendredi, de 7h 45 \u00e0 18h. Les cours ont une dur\u00e9e de 55 minutes et les horaires sont les suivants :<\/p>\n<table>\n<tbody>\n<tr>\n<td width=\"149\"><strong>M1:<\/strong> 8h \u00e0 8h55<\/td>\n<td width=\"170\"><strong>S1:<\/strong> 12h55 \u00e0 13h50<\/td>\n<\/tr>\n<tr>\n<td width=\"149\"><strong>M2:<\/strong> 8h55 \u00e0 9h50<\/td>\n<td width=\"170\"><strong>S2:<\/strong> 13h50 \u00e0 14h45<\/td>\n<\/tr>\n<tr>\n<td width=\"149\"><strong>Pause:<\/strong>&nbsp;9h50 \u00e0 10h05<\/td>\n<td width=\"170\"><strong>S3:<\/strong> 14h45 \u00e0 15h40<\/td>\n<\/tr>\n<tr>\n<td width=\"149\"><strong>M3:<\/strong> 10h05 \u00e0 11h<\/td>\n<td width=\"170\"><strong>Pause:<\/strong> 15h40 \u00e0 15h55<\/td>\n<\/tr>\n<tr>\n<td width=\"149\"><strong>M4:<\/strong> 11h \u00e0 11h55<\/td>\n<td width=\"170\"><strong>S4:<\/strong> 15h55 \u00e0 16h50<\/td>\n<\/tr>\n<tr>\n<td width=\"149\"><strong>M5:<\/strong> 11h55 \u00e0 12h50<\/td>\n<td width=\"170\"><strong>S5:<\/strong> 16h50 \u00e0 17h45<\/td>\n<\/tr>\n<\/tbody>\n<\/table>\n","protected":false},"excerpt":{"rendered":"<p>L\u2019\u00e9tablissement est ouvert aux \u00e9l\u00e8ves les lundi, mardi, mercredi, jeudi, vendredi, de 7h 45 \u00e0 18h. Les cours ont une<\/p>\n","protected":false},"author":1,"featured_media":1917,"parent":0,"menu_order":0,"comment_status":"closed","ping_status":"closed","template":"","meta":{"colormag_page_container_layout":"default_layout","colormag_page_sidebar_layout":"default_layout","footnotes":""},"class_list":["post-1901","page","type-page","status-publish","has-post-thumbnail","hentry"],"_links":{"self":[{"href":"https:\/\/edouard-vallaint-vierzon.ovh\/index.php?rest_route=\/wp\/v2\/pages\/1901","targetHints":{"allow":["GET"]}}],"collection":[{"href":"https:\/\/edouard-vallaint-vierzon.ovh\/index.php?rest_route=\/wp\/v2\/pages"}],"about":[{"href":"https:\/\/edouard-vallaint-vierzon.ovh\/index.php?rest_route=\/wp\/v2\/types\/page"}],"author":[{"embeddable":true,"href":"https:\/\/edouard-vallaint-vierzon.ovh\/index.php?rest_route=\/wp\/v2\/users\/1"}],"replies":[{"embeddable":true,"href":"https:\/\/edouard-vallaint-vierzon.ovh\/index.php?rest_route=%2Fwp%2Fv2%2Fcomments&post=1901"}],"version-history":[{"count":2,"href":"https:\/\/edouard-vallaint-vierzon.ovh\/index.php?rest_route=\/wp\/v2\/pages\/1901\/revisions"}],"predecessor-version":[{"id":1906,"href":"https:\/\/edouard-vallaint-vierzon.ovh\/index.php?rest_route=\/wp\/v2\/pages\/1901\/revisions\/1906"}],"wp:featuredmedia":[{"embeddable":true,"href":"https:\/\/edouard-vallaint-vierzon.ovh\/index.php?rest_route=\/wp\/v2\/media\/1917"}],"wp:attachment":[{"href":"https:\/\/edouard-vallaint-vierzon.ovh\/index.php?rest_route=%2Fwp%2Fv2%2Fmedia&parent=1901"}],"curies":[{"name":"wp","href":"https:\/\/api.w.org\/{rel}","templated":true}]}}