{"id":10619,"date":"2024-07-07T09:59:56","date_gmt":"2024-07-07T07:59:56","guid":{"rendered":"https:\/\/edouard-vallaint-vierzon.ovh\/?page_id=10619"},"modified":"2024-07-07T10:28:50","modified_gmt":"2024-07-07T08:28:50","slug":"yeps-2","status":"publish","type":"page","link":"https:\/\/edouard-vallaint-vierzon.ovh\/?page_id=10619","title":{"rendered":"YEP&rsquo;s"},"content":{"rendered":"\t\t<div data-elementor-type=\"wp-page\" data-elementor-id=\"10619\" class=\"elementor elementor-10619\">\n\t\t\t\t\t\t<section class=\"elementor-section elementor-top-section elementor-element elementor-element-64c83d4 elementor-section-boxed elementor-section-height-default elementor-section-height-default\" data-id=\"64c83d4\" data-element_type=\"section\" data-e-type=\"section\">\n\t\t\t\t\t\t<div class=\"elementor-container elementor-column-gap-default\">\n\t\t\t\t\t<div class=\"elementor-column elementor-col-100 elementor-top-column elementor-element elementor-element-aa9756f\" data-id=\"aa9756f\" data-element_type=\"column\" data-e-type=\"column\">\n\t\t\t<div class=\"elementor-widget-wrap elementor-element-populated\">\n\t\t\t\t\t\t<div class=\"elementor-element elementor-element-6fef66d elementor-widget elementor-widget-text-editor\" data-id=\"6fef66d\" data-element_type=\"widget\" data-e-type=\"widget\" data-widget_type=\"text-editor.default\">\n\t\t\t\t<div class=\"elementor-widget-container\">\n\t\t\t\t\t\t\t\t\t<p style=\"text-align: center;\"><span style=\"font-size: 24pt;\"><strong><span style=\"color: #0000ff;\">Le site YEP&rsquo;S, financ\u00e9 par la r\u00e9gion, vous permet d&rsquo;avoir acc\u00e8s \u00e0 de nombreuses aides financi\u00e8res. N&rsquo;h\u00e9sitez pas \u00e0 vous y connecter:<\/span><\/strong><\/span><\/p><p style=\"text-align: center;\"><span style=\"color: #ffff00;\"><em><strong><span style=\"font-size: 18pt;\"><a style=\"color: #ffff00;\" href=\"https:\/\/www.yeps.fr\/\" target=\"_blank\" rel=\"noopener\">Cliquer ici pour acc\u00e9der au site de YEP&rsquo;s<\/a><\/span><\/strong><\/em><\/span><\/p>\t\t\t\t\t\t\t\t<\/div>\n\t\t\t\t<\/div>\n\t\t\t\t\t<\/div>\n\t\t<\/div>\n\t\t\t\t\t<\/div>\n\t\t<\/section>\n\t\t\t\t<section class=\"elementor-section elementor-top-section elementor-element elementor-element-94ca039 elementor-section-boxed elementor-section-height-default elementor-section-height-default\" data-id=\"94ca039\" data-element_type=\"section\" data-e-type=\"section\">\n\t\t\t\t\t\t<div class=\"elementor-container elementor-column-gap-default\">\n\t\t\t\t\t<div class=\"elementor-column elementor-col-100 elementor-top-column elementor-element elementor-element-16ea740\" data-id=\"16ea740\" data-element_type=\"column\" data-e-type=\"column\">\n\t\t\t<div class=\"elementor-widget-wrap elementor-element-populated\">\n\t\t\t\t\t\t<div class=\"elementor-element elementor-element-4c58d56 elementor-widget elementor-widget-video\" data-id=\"4c58d56\" data-element_type=\"widget\" data-e-type=\"widget\" data-settings=\"{&quot;youtube_url&quot;:&quot;https:\\\/\\\/www.youtube.com\\\/watch?v=KM7rxfn5Bc4&quot;,&quot;video_type&quot;:&quot;youtube&quot;,&quot;controls&quot;:&quot;yes&quot;}\" data-widget_type=\"video.default\">\n\t\t\t\t<div class=\"elementor-widget-container\">\n\t\t\t\t\t\t\t<div class=\"elementor-wrapper elementor-open-inline\">\n\t\t\t<div class=\"elementor-video\"><\/div>\t\t<\/div>\n\t\t\t\t\t\t<\/div>\n\t\t\t\t<\/div>\n\t\t\t\t\t<\/div>\n\t\t<\/div>\n\t\t\t\t\t<\/div>\n\t\t<\/section>\n\t\t\t\t<section class=\"elementor-section elementor-top-section elementor-element elementor-element-ecae50d elementor-section-boxed elementor-section-height-default elementor-section-height-default\" data-id=\"ecae50d\" data-element_type=\"section\" data-e-type=\"section\">\n\t\t\t\t\t\t<div class=\"elementor-container elementor-column-gap-default\">\n\t\t\t\t\t<div class=\"elementor-column elementor-col-100 elementor-top-column elementor-element elementor-element-de87816\" data-id=\"de87816\" data-element_type=\"column\" data-e-type=\"column\">\n\t\t\t<div class=\"elementor-widget-wrap elementor-element-populated\">\n\t\t\t\t\t\t<div class=\"elementor-element elementor-element-208110c elementor-shape-circle elementor-grid-0 e-grid-align-center elementor-widget elementor-widget-social-icons\" data-id=\"208110c\" data-element_type=\"widget\" data-e-type=\"widget\" data-widget_type=\"social-icons.default\">\n\t\t\t\t<div class=\"elementor-widget-container\">\n\t\t\t\t\t\t\t<div class=\"elementor-social-icons-wrapper elementor-grid\" role=\"list\">\n\t\t\t\t\t\t\t<span class=\"elementor-grid-item\" role=\"listitem\">\n\t\t\t\t\t<a class=\"elementor-icon elementor-social-icon elementor-social-icon-facebook elementor-repeater-item-a1dacc3\" href=\"https:\/\/www.facebook.com\/yeps.fr\/\" target=\"_blank\">\n\t\t\t\t\t\t<span class=\"elementor-screen-only\">Facebook<\/span>\n\t\t\t\t\t\t<i aria-hidden=\"true\" class=\"fab fa-facebook\"><\/i>\t\t\t\t\t<\/a>\n\t\t\t\t<\/span>\n\t\t\t\t\t\t\t<span class=\"elementor-grid-item\" role=\"listitem\">\n\t\t\t\t\t<a class=\"elementor-icon elementor-social-icon elementor-social-icon-youtube elementor-repeater-item-8ab35c1\" href=\"https:\/\/www.youtube.com\/user\/JeunesOCentre\" target=\"_blank\">\n\t\t\t\t\t\t<span class=\"elementor-screen-only\">Youtube<\/span>\n\t\t\t\t\t\t<i aria-hidden=\"true\" class=\"fab fa-youtube\"><\/i>\t\t\t\t\t<\/a>\n\t\t\t\t<\/span>\n\t\t\t\t\t\t\t<span class=\"elementor-grid-item\" role=\"listitem\">\n\t\t\t\t\t<a class=\"elementor-icon elementor-social-icon elementor-social-icon-tiktok elementor-repeater-item-82f0f46\" href=\"https:\/\/www.tiktok.com\/@yeps.fr\" target=\"_blank\">\n\t\t\t\t\t\t<span class=\"elementor-screen-only\">Tiktok<\/span>\n\t\t\t\t\t\t<i aria-hidden=\"true\" class=\"fab fa-tiktok\"><\/i>\t\t\t\t\t<\/a>\n\t\t\t\t<\/span>\n\t\t\t\t\t\t\t<span class=\"elementor-grid-item\" role=\"listitem\">\n\t\t\t\t\t<a class=\"elementor-icon elementor-social-icon elementor-social-icon-instagram elementor-repeater-item-4b0e1cc\" href=\"https:\/\/www.instagram.com\/yeps.fr\/\" target=\"_blank\">\n\t\t\t\t\t\t<span class=\"elementor-screen-only\">Instagram<\/span>\n\t\t\t\t\t\t<i aria-hidden=\"true\" class=\"fab fa-instagram\"><\/i>\t\t\t\t\t<\/a>\n\t\t\t\t<\/span>\n\t\t\t\t\t<\/div>\n\t\t\t\t\t\t<\/div>\n\t\t\t\t<\/div>\n\t\t\t\t\t<\/div>\n\t\t<\/div>\n\t\t\t\t\t<\/div>\n\t\t<\/section>\n\t\t\t\t<section class=\"elementor-section elementor-top-section elementor-element elementor-element-897fc83 elementor-section-boxed elementor-section-height-default elementor-section-height-default\" data-id=\"897fc83\" data-element_type=\"section\" data-e-type=\"section\">\n\t\t\t\t\t\t<div class=\"elementor-container elementor-column-gap-default\">\n\t\t\t\t\t<div class=\"elementor-column elementor-col-100 elementor-top-column elementor-element elementor-element-8ddb97f\" data-id=\"8ddb97f\" data-element_type=\"column\" data-e-type=\"column\">\n\t\t\t<div class=\"elementor-widget-wrap elementor-element-populated\">\n\t\t\t\t\t\t<div class=\"elementor-element elementor-element-da74df4 elementor-widget elementor-widget-image-gallery\" data-id=\"da74df4\" data-element_type=\"widget\" data-e-type=\"widget\" data-widget_type=\"image-gallery.default\">\n\t\t\t\t<div class=\"elementor-widget-container\">\n\t\t\t\t\t\t\t<div class=\"elementor-image-gallery\">\n\t\t\t<div id='gallery-1' class='gallery galleryid-10619 gallery-columns-3 gallery-size-large'><figure class='gallery-item'>\n\t\t\t<div class='gallery-icon landscape'>\n\t\t\t\t<a  href='https:\/\/edouard-vallaint-vierzon.ovh\/wp-content\/uploads\/2024\/07\/yeps1-1024x513-1.jpg'><img fetchpriority=\"high\" decoding=\"async\" width=\"800\" height=\"401\" src=\"https:\/\/edouard-vallaint-vierzon.ovh\/wp-content\/uploads\/2024\/07\/yeps1-1024x513-1.jpg\" class=\"attachment-large size-large\" alt=\"\" srcset=\"https:\/\/edouard-vallaint-vierzon.ovh\/wp-content\/uploads\/2024\/07\/yeps1-1024x513-1.jpg 1024w, https:\/\/edouard-vallaint-vierzon.ovh\/wp-content\/uploads\/2024\/07\/yeps1-1024x513-1-300x150.jpg 300w, https:\/\/edouard-vallaint-vierzon.ovh\/wp-content\/uploads\/2024\/07\/yeps1-1024x513-1-768x385.jpg 768w\" sizes=\"(max-width: 800px) 100vw, 800px\" \/><\/a>\n\t\t\t<\/div><\/figure><figure class='gallery-item'>\n\t\t\t<div class='gallery-icon landscape'>\n\t\t\t\t<a  href='https:\/\/edouard-vallaint-vierzon.ovh\/wp-content\/uploads\/2024\/07\/yeps2-1024x625-1.jpg'><img decoding=\"async\" width=\"800\" height=\"488\" src=\"https:\/\/edouard-vallaint-vierzon.ovh\/wp-content\/uploads\/2024\/07\/yeps2-1024x625-1.jpg\" class=\"attachment-large size-large\" alt=\"\" srcset=\"https:\/\/edouard-vallaint-vierzon.ovh\/wp-content\/uploads\/2024\/07\/yeps2-1024x625-1.jpg 1024w, https:\/\/edouard-vallaint-vierzon.ovh\/wp-content\/uploads\/2024\/07\/yeps2-1024x625-1-300x183.jpg 300w, https:\/\/edouard-vallaint-vierzon.ovh\/wp-content\/uploads\/2024\/07\/yeps2-1024x625-1-768x469.jpg 768w\" sizes=\"(max-width: 800px) 100vw, 800px\" \/><\/a>\n\t\t\t<\/div><\/figure><figure class='gallery-item'>\n\t\t\t<div class='gallery-icon landscape'>\n\t\t\t\t<a  href='https:\/\/edouard-vallaint-vierzon.ovh\/wp-content\/uploads\/2024\/07\/yeps3-1024x421-1.jpg'><img decoding=\"async\" width=\"800\" height=\"329\" src=\"https:\/\/edouard-vallaint-vierzon.ovh\/wp-content\/uploads\/2024\/07\/yeps3-1024x421-1.jpg\" class=\"attachment-large size-large\" alt=\"\" srcset=\"https:\/\/edouard-vallaint-vierzon.ovh\/wp-content\/uploads\/2024\/07\/yeps3-1024x421-1.jpg 1024w, https:\/\/edouard-vallaint-vierzon.ovh\/wp-content\/uploads\/2024\/07\/yeps3-1024x421-1-300x123.jpg 300w, https:\/\/edouard-vallaint-vierzon.ovh\/wp-content\/uploads\/2024\/07\/yeps3-1024x421-1-768x316.jpg 768w\" sizes=\"(max-width: 800px) 100vw, 800px\" \/><\/a>\n\t\t\t<\/div><\/figure>\n\t\t<\/div>\n\t\t<\/div>\n\t\t\t\t\t\t<\/div>\n\t\t\t\t<\/div>\n\t\t\t\t\t<\/div>\n\t\t<\/div>\n\t\t\t\t\t<\/div>\n\t\t<\/section>\n\t\t\t\t<\/div>\n\t\t","protected":false},"excerpt":{"rendered":"<p>Le site YEP&rsquo;S, financ\u00e9 par la r\u00e9gion, vous permet d&rsquo;avoir acc\u00e8s \u00e0 de nombreuses aides financi\u00e8res. N&rsquo;h\u00e9sitez pas \u00e0 vous<\/p>\n","protected":false},"author":26,"featured_media":0,"parent":0,"menu_order":0,"comment_status":"closed","ping_status":"closed","template":"","meta":{"colormag_page_container_layout":"default_layout","colormag_page_sidebar_layout":"default_layout","footnotes":""},"class_list":["post-10619","page","type-page","status-publish","hentry"],"_links":{"self":[{"href":"https:\/\/edouard-vallaint-vierzon.ovh\/index.php?rest_route=\/wp\/v2\/pages\/10619","targetHints":{"allow":["GET"]}}],"collection":[{"href":"https:\/\/edouard-vallaint-vierzon.ovh\/index.php?rest_route=\/wp\/v2\/pages"}],"about":[{"href":"https:\/\/edouard-vallaint-vierzon.ovh\/index.php?rest_route=\/wp\/v2\/types\/page"}],"author":[{"embeddable":true,"href":"https:\/\/edouard-vallaint-vierzon.ovh\/index.php?rest_route=\/wp\/v2\/users\/26"}],"replies":[{"embeddable":true,"href":"https:\/\/edouard-vallaint-vierzon.ovh\/index.php?rest_route=%2Fwp%2Fv2%2Fcomments&post=10619"}],"version-history":[{"count":13,"href":"https:\/\/edouard-vallaint-vierzon.ovh\/index.php?rest_route=\/wp\/v2\/pages\/10619\/revisions"}],"predecessor-version":[{"id":10650,"href":"https:\/\/edouard-vallaint-vierzon.ovh\/index.php?rest_route=\/wp\/v2\/pages\/10619\/revisions\/10650"}],"wp:attachment":[{"href":"https:\/\/edouard-vallaint-vierzon.ovh\/index.php?rest_route=%2Fwp%2Fv2%2Fmedia&parent=10619"}],"curies":[{"name":"wp","href":"https:\/\/api.w.org\/{rel}","templated":true}]}}