{"id":10298,"date":"2024-06-21T11:48:57","date_gmt":"2024-06-21T09:48:57","guid":{"rendered":"https:\/\/edouard-vallaint-vierzon.ovh\/?page_id=10298"},"modified":"2024-07-10T13:13:13","modified_gmt":"2024-07-10T11:13:13","slug":"phare","status":"publish","type":"page","link":"https:\/\/edouard-vallaint-vierzon.ovh\/?page_id=10298","title":{"rendered":"pHARe"},"content":{"rendered":"\t\t<div data-elementor-type=\"wp-page\" data-elementor-id=\"10298\" class=\"elementor elementor-10298\">\n\t\t\t\t\t\t<section class=\"elementor-section elementor-top-section elementor-element elementor-element-02bac40 elementor-section-boxed elementor-section-height-default elementor-section-height-default\" data-id=\"02bac40\" data-element_type=\"section\" data-e-type=\"section\">\n\t\t\t\t\t\t<div class=\"elementor-container elementor-column-gap-default\">\n\t\t\t\t\t<div class=\"elementor-column elementor-col-100 elementor-top-column elementor-element elementor-element-f38d20f\" data-id=\"f38d20f\" data-element_type=\"column\" data-e-type=\"column\">\n\t\t\t<div class=\"elementor-widget-wrap elementor-element-populated\">\n\t\t\t\t\t\t<div class=\"elementor-element elementor-element-7a97a5a elementor-widget elementor-widget-text-editor\" data-id=\"7a97a5a\" data-element_type=\"widget\" data-e-type=\"widget\" data-widget_type=\"text-editor.default\">\n\t\t\t\t<div class=\"elementor-widget-container\">\n\t\t\t\t\t\t\t\t\t<p>Qu&rsquo;est ce que le programme pHARe ?<\/p><p>Le programme pHARe est un plan de pr\u00e9vention du harc\u00e8lement \u00e0 destination des \u00e9coles, des coll\u00e8ges et des lyc\u00e9es fond\u00e9 autour de 8 piliers :<\/p><p>Mesurer le climat scolaire.<br \/>Pr\u00e9venir les ph\u00e9nom\u00e8nes de harc\u00e8lement.<br \/>Former une communaut\u00e9 protectrice de professionnels et de personnels pour les \u00e9l\u00e8ves.<br \/>Intervenir efficacement sur les situations de harc\u00e8lement.<br \/>Associer les parents et les partenaires et communiquer sur le programme.<br \/>Mobiliser les instances de d\u00e9mocratie scolaire (CVC, CVL) et le comit\u00e9 d\u2019\u00e9ducation \u00e0 la sant\u00e9, \u00e0 la citoyennet\u00e9 et \u00e0 l\u2019environnement.<br \/>Suivre l\u2019impact de ces actions.<br \/>Mettre \u00e0 disposition une plateforme d\u00e9di\u00e9e aux ressources.<\/p><p>Lien vers la page de pr\u00e9sentation du dispositif pH@Re (education.gouv.fr) :<\/p><p><a href=\"https:\/\/www.education.gouv.fr\/non-au-harcelement\/phare-un-programme-de-lutte-contre-le-harcelement-l-ecole-323435\" target=\"_blank\" rel=\"noopener\">https:\/\/www.education.gouv.fr\/non-au-harcelement\/phare-un-programme-de-lutte-contre-le-harcelement-l-ecole-323435<\/a><\/p><p style=\"text-align: left;\"><span style=\"text-decoration: underline;\"><strong>Pr\u00e9sentation programme Phare\u00a0:<\/strong><\/span><\/p>\t\t\t\t\t\t\t\t<\/div>\n\t\t\t\t<\/div>\n\t\t\t\t\t<\/div>\n\t\t<\/div>\n\t\t\t\t\t<\/div>\n\t\t<\/section>\n\t\t\t\t<section class=\"elementor-section elementor-top-section elementor-element elementor-element-f3fd6cc elementor-section-boxed elementor-section-height-default elementor-section-height-default\" data-id=\"f3fd6cc\" data-element_type=\"section\" data-e-type=\"section\">\n\t\t\t\t\t\t<div class=\"elementor-container elementor-column-gap-default\">\n\t\t\t\t\t<div class=\"elementor-column elementor-col-100 elementor-top-column elementor-element elementor-element-6d3850e\" data-id=\"6d3850e\" data-element_type=\"column\" data-e-type=\"column\">\n\t\t\t<div class=\"elementor-widget-wrap elementor-element-populated\">\n\t\t\t\t\t\t<div class=\"elementor-element elementor-element-c45383b elementor-widget elementor-widget-video\" data-id=\"c45383b\" data-element_type=\"widget\" data-e-type=\"widget\" data-settings=\"{&quot;youtube_url&quot;:&quot;https:\\\/\\\/www.youtube.com\\\/watch?v=2XxFWxpw0Ps&quot;,&quot;video_type&quot;:&quot;youtube&quot;,&quot;controls&quot;:&quot;yes&quot;}\" data-widget_type=\"video.default\">\n\t\t\t\t<div class=\"elementor-widget-container\">\n\t\t\t\t\t\t\t<div class=\"elementor-wrapper elementor-open-inline\">\n\t\t\t<div class=\"elementor-video\"><\/div>\t\t<\/div>\n\t\t\t\t\t\t<\/div>\n\t\t\t\t<\/div>\n\t\t\t\t\t<\/div>\n\t\t<\/div>\n\t\t\t\t\t<\/div>\n\t\t<\/section>\n\t\t\t\t<section class=\"elementor-section elementor-top-section elementor-element elementor-element-1885b68 elementor-section-boxed elementor-section-height-default elementor-section-height-default\" data-id=\"1885b68\" data-element_type=\"section\" data-e-type=\"section\">\n\t\t\t\t\t\t<div class=\"elementor-container elementor-column-gap-default\">\n\t\t\t\t\t<div class=\"elementor-column elementor-col-50 elementor-top-column elementor-element elementor-element-5fb2d7a\" data-id=\"5fb2d7a\" data-element_type=\"column\" data-e-type=\"column\">\n\t\t\t<div class=\"elementor-widget-wrap elementor-element-populated\">\n\t\t\t\t\t\t<div class=\"elementor-element elementor-element-31bc71a e-transform elementor-widget elementor-widget-image\" data-id=\"31bc71a\" data-element_type=\"widget\" data-e-type=\"widget\" data-settings=\"{&quot;_transform_scale_effect&quot;:{&quot;unit&quot;:&quot;px&quot;,&quot;size&quot;:&quot;&quot;,&quot;sizes&quot;:[]},&quot;_transform_scale_effect_tablet&quot;:{&quot;unit&quot;:&quot;px&quot;,&quot;size&quot;:&quot;&quot;,&quot;sizes&quot;:[]},&quot;_transform_scale_effect_mobile&quot;:{&quot;unit&quot;:&quot;px&quot;,&quot;size&quot;:&quot;&quot;,&quot;sizes&quot;:[]}}\" data-widget_type=\"image.default\">\n\t\t\t\t<div class=\"elementor-widget-container\">\n\t\t\t\t\t\t\t\t\t\t\t\t\t\t\t<img fetchpriority=\"high\" decoding=\"async\" width=\"1654\" height=\"2339\" src=\"https:\/\/edouard-vallaint-vierzon.ovh\/wp-content\/uploads\/2024\/07\/image-65168cd71b0cf.png\" class=\"attachment-full size-full wp-image-10710\" alt=\"\" srcset=\"https:\/\/edouard-vallaint-vierzon.ovh\/wp-content\/uploads\/2024\/07\/image-65168cd71b0cf.png 1654w, https:\/\/edouard-vallaint-vierzon.ovh\/wp-content\/uploads\/2024\/07\/image-65168cd71b0cf-212x300.png 212w, https:\/\/edouard-vallaint-vierzon.ovh\/wp-content\/uploads\/2024\/07\/image-65168cd71b0cf-724x1024.png 724w, https:\/\/edouard-vallaint-vierzon.ovh\/wp-content\/uploads\/2024\/07\/image-65168cd71b0cf-768x1086.png 768w, https:\/\/edouard-vallaint-vierzon.ovh\/wp-content\/uploads\/2024\/07\/image-65168cd71b0cf-1086x1536.png 1086w, https:\/\/edouard-vallaint-vierzon.ovh\/wp-content\/uploads\/2024\/07\/image-65168cd71b0cf-1448x2048.png 1448w\" sizes=\"(max-width: 1654px) 100vw, 1654px\" \/>\t\t\t\t\t\t\t\t\t\t\t\t\t\t\t<\/div>\n\t\t\t\t<\/div>\n\t\t\t\t\t<\/div>\n\t\t<\/div>\n\t\t\t\t<div class=\"elementor-column elementor-col-50 elementor-top-column elementor-element elementor-element-3538a91\" data-id=\"3538a91\" data-element_type=\"column\" data-e-type=\"column\">\n\t\t\t<div class=\"elementor-widget-wrap elementor-element-populated\">\n\t\t\t\t\t\t<div class=\"elementor-element elementor-element-dd7cc16 elementor-widget elementor-widget-text-editor\" data-id=\"dd7cc16\" data-element_type=\"widget\" data-e-type=\"widget\" data-widget_type=\"text-editor.default\">\n\t\t\t\t<div class=\"elementor-widget-container\">\n\t\t\t\t\t\t\t\t\t<a href=\"https:\/\/edouard-vallaint-vierzon.ovh\/wp-content\/uploads\/2024\/07\/Organigramme-pHARe.pdf\" class=\"pdfemb-viewer\" style=\"\" data-width=\"max\" data-height=\"max\" data-mobile-width=\"500\"  data-scrollbar=\"none\" data-download=\"on\" data-newwindow=\"on\" data-pagetextbox=\"off\" data-scrolltotop=\"off\" data-startzoom=\"100\" data-startfpzoom=\"100\" data-toolbar=\"both\" data-toolbar-fixed=\"off\">Organigramme pHARe<br\/><\/a>\t\t\t\t\t\t\t\t<\/div>\n\t\t\t\t<\/div>\n\t\t\t\t\t<\/div>\n\t\t<\/div>\n\t\t\t\t\t<\/div>\n\t\t<\/section>\n\t\t\t\t<\/div>\n\t\t","protected":false},"excerpt":{"rendered":"<p>Qu&rsquo;est ce que le programme pHARe ? Le programme pHARe est un plan de pr\u00e9vention du harc\u00e8lement \u00e0 destination des<\/p>\n","protected":false},"author":26,"featured_media":0,"parent":0,"menu_order":0,"comment_status":"closed","ping_status":"closed","template":"","meta":{"colormag_page_container_layout":"default_layout","colormag_page_sidebar_layout":"default_layout","footnotes":""},"class_list":["post-10298","page","type-page","status-publish","hentry"],"_links":{"self":[{"href":"https:\/\/edouard-vallaint-vierzon.ovh\/index.php?rest_route=\/wp\/v2\/pages\/10298","targetHints":{"allow":["GET"]}}],"collection":[{"href":"https:\/\/edouard-vallaint-vierzon.ovh\/index.php?rest_route=\/wp\/v2\/pages"}],"about":[{"href":"https:\/\/edouard-vallaint-vierzon.ovh\/index.php?rest_route=\/wp\/v2\/types\/page"}],"author":[{"embeddable":true,"href":"https:\/\/edouard-vallaint-vierzon.ovh\/index.php?rest_route=\/wp\/v2\/users\/26"}],"replies":[{"embeddable":true,"href":"https:\/\/edouard-vallaint-vierzon.ovh\/index.php?rest_route=%2Fwp%2Fv2%2Fcomments&post=10298"}],"version-history":[{"count":19,"href":"https:\/\/edouard-vallaint-vierzon.ovh\/index.php?rest_route=\/wp\/v2\/pages\/10298\/revisions"}],"predecessor-version":[{"id":10743,"href":"https:\/\/edouard-vallaint-vierzon.ovh\/index.php?rest_route=\/wp\/v2\/pages\/10298\/revisions\/10743"}],"wp:attachment":[{"href":"https:\/\/edouard-vallaint-vierzon.ovh\/index.php?rest_route=%2Fwp%2Fv2%2Fmedia&parent=10298"}],"curies":[{"name":"wp","href":"https:\/\/api.w.org\/{rel}","templated":true}]}}